{"id":422,"date":"2021-04-20T20:20:52","date_gmt":"2021-04-20T20:20:52","guid":{"rendered":"https:\/\/bosquesomos.org\/?page_id=422"},"modified":"2021-04-26T15:46:06","modified_gmt":"2021-04-26T15:46:06","slug":"gracias","status":"publish","type":"page","link":"https:\/\/bosquesomos.org\/en\/gracias\/","title":{"rendered":"Gracias"},"content":{"rendered":"<div class=\"wpb-content-wrapper\">\r\n<div class=\"mk-page-section-wrapper\" data-mk-full-width=\"true\" data-mk-full-width-init=\"true\" data-mk-stretch-content=\"true\">\r\n\t<div id=\"page-section-1\" class=\"mk-page-section self-hosted   full_layout full-width-1 js-el js-master-row jupiter-donut-\"    data-intro-effect=\"false\">\r\n\r\n\t\t\t\r\n\t\t\t<div class=\"mk-page-section-inner\">\r\n\t\t\t\t\r\n\r\n\r\n<div class=\"mk-video-color-mask\"><\/div>\r\n\r\n\t\t\t\t\r\n\t\t\t\t\r\n\t\t\t<div class=\"mk-section-preloader js-el\" data-mk-component=\"Preloader\">\r\n\t\t\t<div class=\"mk-section-preloader__icon\"><\/div>\r\n\t\t<\/div>\r\n\t\r\n\t<div class=\"background-layer-holder\">\r\n\t\t<div id=\"background-layer--1\" data-mk-lazyload=\"false\" class=\"background-layer mk-background-stretch none-blend-effect js-el\" data-mk-component=\"Parallax\" data-parallax-config='{\"speed\" : 0.4 }'  data-mk-img-set='{\"landscape\":{\"desktop\":\"https:\/\/bosquesomos.org\/wp-content\/uploads\/2021\/03\/slide1-bosque-somos.jpg\",\"tablet\":\"https:\/\/bosquesomos.org\/wp-content\/uploads\/2021\/03\/slide1-bosque-somos-1024x768.jpg\",\"mobile\":\"https:\/\/bosquesomos.org\/wp-content\/uploads\/2021\/03\/slide1-bosque-somos-736x414.jpg\"},\"responsive\":\"true\"}' >\r\n\t\t\t\t\t\t\t\t\t<div class=\"mk-color-layer\"><\/div>\r\n\t\t<\/div>\r\n\t<\/div>\r\n\r\n\t\t\t<\/div>\r\n\r\n\t\t\t\r\n        <div class=\"page-section-content vc_row-fluid mk-grid\" >\r\n            <div class=\"mk-padding-wrapper wpb_row\">\r\n<div class=\"vc_col-sm-12 wpb_column column_container  jupiter-donut- _ jupiter-donut-height-full\">\r\n\t\r\n<div id=\"padding-3\" class=\"mk-padding-divider jupiter-donut-  jupiter-donut-clearfix\"><\/div>\r\n\r\n<\/div>\r\n<\/div>\r\n            <div class=\"clearboth\"><\/div>\r\n        <\/div>\r\n\r\n\r\n\t\t\t\r\n\t\t\t\r\n\t\t\t\r\n\t\t<div class=\"clearboth\"><\/div>\r\n\t<\/div>\r\n<\/div>\r\n<div class=\"vc_row-full-width vc_clearfix\"><\/div>\r\n\r\n\r\n<div class=\"mk-page-section-wrapper\" data-mk-full-width=\"true\" data-mk-full-width-init=\"true\" data-mk-stretch-content=\"true\">\r\n\t<div id=\"page-section-4\" class=\"mk-page-section self-hosted   full_layout full-width-4 js-el js-master-row jupiter-donut-\"    data-intro-effect=\"false\">\r\n\r\n\t\t\t\r\n\t\t\t<div class=\"mk-page-section-inner\">\r\n\t\t\t\t\r\n\r\n\r\n<div class=\"mk-video-color-mask\"><\/div>\r\n\r\n\t\t\t\t\r\n\t\t\t\t\t\t\t<\/div>\r\n\r\n\t\t\t\r\n        <div class=\"page-section-content vc_row-fluid mk-grid\" >\r\n            <div class=\"mk-padding-wrapper wpb_row\">\r\n<div class=\"vc_col-sm-12 wpb_column column_container  jupiter-donut- _ jupiter-donut-height-full\">\r\n\t\r\n<div id=\"padding-6\" class=\"mk-padding-divider jupiter-donut-  jupiter-donut-clearfix\"><\/div>\r\n\r\n\r\n\r\n<div class=\"wpb_row vc_inner vc_row vc_row-fluid jupiter-donut-   attched-false\">\r\n\t\t\t<div class=\"wpb_column vc_column_container vc_col-sm-6\"><div class=\"vc_column-inner\"><div class=\"wpb_wrapper\">\t<div class=\"vc_custom_1618949796182\">\r\n\r\n<div id=\"text-block-7\" class=\"mk-text-block  jupiter-donut-\">\r\n\r\n\t\r\n\t<h1 style=\"text-align: center;\"><span style=\"color: #005640;\">\u00a1Gracias!<\/span><\/h1>\n\r\n\t<div class=\"clearboth\"><\/div>\r\n<\/div>\r\n\r\n\t<\/div>\r\n\r\n\t<div  class=\"wpb_single_image wpb_content_element vc_align_center wpb_content_element wpb_animate_when_almost_visible wpb_fadeInLeft fadeInLeft vc_custom_1618949803985\">\r\n\t\t\r\n\t\t<figure class=\"wpb_wrapper vc_figure\">\r\n\t\t\t<div class=\"vc_single_image-wrapper   vc_box_border_grey\"><img loading=\"lazy\" decoding=\"async\" width=\"55\" height=\"6\" src=\"https:\/\/bosquesomos.org\/wp-content\/uploads\/2021\/03\/line-bosque-somos.svg\" class=\"vc_single_image-img attachment-full\" alt=\"\" title=\"line-bosque-somos\" itemprop=\"image\" \/><\/div>\r\n\t\t<\/figure>\r\n\t<\/div>\r\n\t<div class=\"vc_custom_1619451963831\">\r\n\r\n<div id=\"text-block-8\" class=\"mk-text-block  jupiter-donut-\">\r\n\r\n\t\r\n\t<p>Gracias por sumarte a la restauraci\u00f3n de nuestros bosques para crear un mundo mejor e impulsar la conservaci\u00f3n del maravilloso fen\u00f3meno migratorio de la mariposa monarca.<\/p>\n<p>Te mantendremos al tanto del crecimiento de tu \u00e1rbol.<\/p>\n\r\n\t<div class=\"clearboth\"><\/div>\r\n<\/div>\r\n\r\n\t<\/div>\r\n\r\n<div id=\"padding-9\" class=\"mk-padding-divider jupiter-donut-  jupiter-donut-clearfix\"><\/div>\r\n\r\n\t<div class=\"vc_custom_1618949890715\">\r\n\r\n<div id=\"text-block-10\" class=\"mk-text-block  jupiter-donut-\">\r\n\r\n\t\r\n\t<p style=\"text-align: center; font-weight: 600; font-size: 20px; color: #005640;\">Together in building a sustainable future!<\/p>\n\r\n\t<div class=\"clearboth\"><\/div>\r\n<\/div>\r\n\r\n\t<\/div>\r\n\r\n\t<div  class=\"wpb_single_image wpb_content_element vc_align_center wpb_content_element\">\r\n\t\t\r\n\t\t<figure class=\"wpb_wrapper vc_figure\">\r\n\t\t\t<div class=\"vc_single_image-wrapper   vc_box_border_grey\"><img loading=\"lazy\" decoding=\"async\" width=\"243\" height=\"66\" src=\"https:\/\/bosquesomos.org\/wp-content\/uploads\/2021\/04\/logo-color.svg\" class=\"vc_single_image-img attachment-full\" alt=\"Bosque somos\" title=\"logo-color\" itemprop=\"image\" \/><\/div>\r\n\t\t<\/figure>\r\n\t<\/div>\r\n<\/div><\/div><\/div><div class=\"wpb_column vc_column_container vc_col-sm-6\"><div class=\"vc_column-inner\"><div class=\"wpb_wrapper\">\r\n<div id=\"padding-11\" class=\"mk-padding-divider jupiter-donut-visible-sm  jupiter-donut-clearfix\"><\/div>\r\n\r\n<div data-parallax=\"{\"y\":-200}\" class=\"mk-image mk-image-12 jupiter-donut-hidden-sm  mk-image-lazyload align-center simple-frame inside-image\" style=\"margin-bottom:10px\"><div class=\"mk-image-container\" style=\"max-width: 569px;\"><div  class=\"mk-image-holder\" style=\"max-width: 569px;\"><div class=\"mk-image-inner\"><img loading=\"lazy\" decoding=\"async\" class=\"lightbox-false\" alt=\"gracias\" title=\"gracias\" width=\"569\" height=\"847\" src=\"https:\/\/bosquesomos.org\/wp-content\/uploads\/2021\/04\/gracias.jpg\" \/><\/div><\/div><div class=\"clearboth\"><\/div><\/div><\/div><div  class=\"mk-image mk-image-13 jupiter-donut-visible-sm  mk-image-lazyload align-center simple-frame inside-image\" style=\"margin-bottom:10px\"><div class=\"mk-image-container\" style=\"max-width: 569px;\"><div  class=\"mk-image-holder\" style=\"max-width: 569px;\"><div class=\"mk-image-inner\"><img loading=\"lazy\" decoding=\"async\" class=\"lightbox-false\" alt=\"gracias\" title=\"gracias\" width=\"569\" height=\"847\" src=\"https:\/\/bosquesomos.org\/wp-content\/uploads\/2021\/04\/gracias.jpg\" \/><\/div><\/div><div class=\"clearboth\"><\/div><\/div><\/div><\/div><\/div><\/div>\t<\/div>\r\n\r\n<div id=\"padding-14\" class=\"mk-padding-divider jupiter-donut-visible-sm  jupiter-donut-clearfix\"><\/div>\r\n\r\n<\/div>\r\n<\/div>\r\n            <div class=\"clearboth\"><\/div>\r\n        <\/div>\r\n\r\n\r\n\t\t\t\r\n\t\t\t\r\n\t\t\t\r\n\t\t<div class=\"clearboth\"><\/div>\r\n\t<\/div>\r\n<\/div>\r\n<div class=\"vc_row-full-width vc_clearfix\"><\/div>\r\n\r\n\n<\/div>","protected":false},"excerpt":{"rendered":"\u00a1Gracias! Gracias por sumarte a la restauraci\u00f3n de nuestros bosques para crear un mundo mejor e impulsar la conservaci\u00f3n del maravilloso fen\u00f3meno migratorio de la mariposa monarca. Te mantendremos al tanto del crecimiento de tu \u00e1rbol. \u00a1Juntos en la construcci\u00f3n de un futuro sostenible!","protected":false},"author":1,"featured_media":0,"parent":0,"menu_order":0,"comment_status":"closed","ping_status":"closed","template":"","meta":{"_acf_changed":false,"inline_featured_image":false,"footnotes":""},"class_list":["post-422","page","type-page","status-publish","hentry"],"acf":[],"_links":{"self":[{"href":"https:\/\/bosquesomos.org\/en\/wp-json\/wp\/v2\/pages\/422","targetHints":{"allow":["GET"]}}],"collection":[{"href":"https:\/\/bosquesomos.org\/en\/wp-json\/wp\/v2\/pages"}],"about":[{"href":"https:\/\/bosquesomos.org\/en\/wp-json\/wp\/v2\/types\/page"}],"author":[{"embeddable":true,"href":"https:\/\/bosquesomos.org\/en\/wp-json\/wp\/v2\/users\/1"}],"replies":[{"embeddable":true,"href":"https:\/\/bosquesomos.org\/en\/wp-json\/wp\/v2\/comments?post=422"}],"version-history":[{"count":6,"href":"https:\/\/bosquesomos.org\/en\/wp-json\/wp\/v2\/pages\/422\/revisions"}],"predecessor-version":[{"id":1770,"href":"https:\/\/bosquesomos.org\/en\/wp-json\/wp\/v2\/pages\/422\/revisions\/1770"}],"wp:attachment":[{"href":"https:\/\/bosquesomos.org\/en\/wp-json\/wp\/v2\/media?parent=422"}],"curies":[{"name":"wp","href":"https:\/\/api.w.org\/{rel}","templated":true}]}}